{"id":7405,"date":"2025-04-25T21:07:58","date_gmt":"2025-04-25T19:07:58","guid":{"rendered":"https:\/\/helah.de\/?page_id=7405"},"modified":"2025-04-25T22:27:30","modified_gmt":"2025-04-25T20:27:30","slug":"datenschutzerklaerung","status":"publish","type":"page","link":"https:\/\/helah.de\/?page_id=7405&lang=de","title":{"rendered":"Datenschutzerkl\u00e4rung"},"content":{"rendered":"\t\t<div data-elementor-type=\"wp-page\" data-elementor-id=\"7405\" class=\"elementor elementor-7405\">\n\t\t\t\t<div class=\"elementor-element elementor-element-9ed3f5e e-flex e-con-boxed e-con e-parent\" data-id=\"9ed3f5e\" data-element_type=\"container\">\n\t\t\t\t\t<div class=\"e-con-inner\">\n\t\t\t\t<div class=\"elementor-element elementor-element-2fa1ae7 elementor-widget elementor-widget-heading\" data-id=\"2fa1ae7\" data-element_type=\"widget\" data-widget_type=\"heading.default\">\n\t\t\t\t<div class=\"elementor-widget-container\">\n\t\t\t\t\t<h2 class=\"elementor-heading-title elementor-size-default\">Datenschutzerkl\u00e4rung<\/h2>\t\t\t\t<\/div>\n\t\t\t\t<\/div>\n\t\t\t\t<div class=\"elementor-element elementor-element-b7067a6 elementor-widget elementor-widget-text-editor\" data-id=\"b7067a6\" data-element_type=\"widget\" data-widget_type=\"text-editor.default\">\n\t\t\t\t<div class=\"elementor-widget-container\">\n\t\t\t\t\t\t\t\t\t<p><b>1. Allgemeine Hinweise<\/b><\/p><p>Der Schutz Ihrer pers\u00f6nlichen Daten ist uns ein besonderes Anliegen. Wir verarbeiten Ihre Daten daher ausschlie\u00dflich auf Grundlage der gesetzlichen Bestimmungen (DSGVO, TMG).<br \/><span style=\"font-size: 14px; text-align: var(--text-align);\">In diesen Datenschutzinformationen informieren wir Sie \u00fcber die wichtigsten Aspekte der Datenverarbeitung im Rahmen unserer Website.<\/span><\/p><p><b>2. Verantwortlicher<\/b><\/p><p>Verantwortlich f\u00fcr die Datenverarbeitung auf dieser Website ist:<\/p><p>helah kommt bald<br \/>Adresse kommt bald\u00a0<br \/><span style=\"font-size: 14px; text-align: var(--text-align);\">Telefonnummer kommt bald<br \/><\/span><span style=\"font-size: 14px; text-align: var(--text-align);\">E-Mail-Adresse kommt bald<\/span><\/p><p><b>3. Erhebung und Speicherung personenbezogener Daten<\/b><\/p><p>Beim Besuch dieser Website werden automatisch folgende Daten erhoben:<br \/>&#8211; IP-Adresse<br \/>&#8211; Datum und Uhrzeit der Anfrage<br \/>&#8211; Browsertyp und Browserversion<br \/>&#8211; verwendetes Betriebssystem<br \/>&#8211; URL (kommt bald)<\/p><p>Diese Daten werden zur Sicherstellung eines st\u00f6rungsfreien Betriebs der Seite sowie zur Verbesserung unseres Angebots ausgewertet. Eine Zusammenf\u00fchrung dieser Daten mit anderen Datenquellen erfolgt nicht.<\/p><p><b>4. Kontaktaufnahme<\/b><\/p><p>Wenn Sie per Formular auf der Website oder per E-Mail Kontakt mit uns aufnehmen, werden Ihre angegebenen Daten zwecks Bearbeitung der Anfrage und f\u00fcr den Fall von Anschlussfragen bei uns gespeichert.<\/p><p><b>5. Verwendung von Cookies<\/b><\/p><p>Unsere Website verwendet sogenannte Cookies. Dabei handelt es sich um kleine Textdateien, die mit Hilfe des Browsers auf Ihrem Endger\u00e4t abgelegt werden. Cookies richten keinen Schaden an. Sie dienen dazu, unser Angebot nutzerfreundlich zu gestalten.<\/p><p>Sie k\u00f6nnen Ihren Browser so einrichten, dass Sie \u00fcber das Setzen von Cookies informiert werden und dies nur im Einzelfall erlauben.<\/p><p><b>6. Einbindung von Diensten und Inhalten Dritter<\/b><\/p><p>Es kann vorkommen, dass Inhalte Dritter, wie z.\u202fB. Social-Icons (LinkedIn, Xing etc.) o.\u202f\u00e4. eingebunden werden. Dabei wird die IP-Adresse des Nutzers an den Drittanbieter \u00fcbermittelt.<\/p><p><b>7. Ihre Rechte<\/b><\/p><p>Sie haben jederzeit das Recht auf:<br \/>&#8211; Auskunft \u00fcber Ihre gespeicherten Daten<br \/>&#8211; Berichtigung unrichtiger Daten<br \/>&#8211; L\u00f6schung oder Einschr\u00e4nkung der Verarbeitung<br \/>&#8211; Widerspruch gegen die Verarbeitung<br \/>&#8211; Daten\u00fcbertragbarkeit<\/p><p>Bitte kontaktieren Sie uns dazu unter: e-Mail Adresse kommt bald!<\/p><p><b>8. Beschwerderecht<\/b><\/p><p>Wenn Sie der Meinung sind, dass die Verarbeitung Ihrer Daten gegen das Datenschutzrecht verst\u00f6\u00dft, k\u00f6nnen Sie sich bei der zust\u00e4ndigen Aufsichtsbeh\u00f6rde beschweren.<\/p><p>Zust\u00e4ndig ist z.\u202fB. in Deutschland: <br \/>Der Landesbeauftragte f\u00fcr den Datenschutz des jeweiligen Bundeslandes.<\/p><p><b>9. \u00c4nderung der Datenschutzerkl\u00e4rung<\/b><\/p><p>Wir behalten uns vor, diese Datenschutzerkl\u00e4rung bei Bedarf anzupassen. Es gilt die jeweils aktuelle Version, abrufbar auf unserer Website.<\/p>\t\t\t\t\t\t\t\t<\/div>\n\t\t\t\t<\/div>\n\t\t\t\t\t<\/div>\n\t\t\t\t<\/div>\n\t\t\t\t<\/div>\n\t\t","protected":false},"excerpt":{"rendered":"<p>Datenschutzerkl\u00e4rung 1. Allgemeine Hinweise Der Schutz Ihrer pers\u00f6nlichen Daten ist uns ein besonderes Anliegen. Wir verarbeiten Ihre Daten daher ausschlie\u00dflich auf Grundlage der gesetzlichen Bestimmungen (DSGVO, TMG).In diesen Datenschutzinformationen informieren wir Sie \u00fcber die wichtigsten Aspekte der Datenverarbeitung im Rahmen unserer Website. 2. Verantwortlicher Verantwortlich f\u00fcr die Datenverarbeitung auf dieser Website ist: helah kommt baldAdresse [&hellip;]<\/p>\n","protected":false},"author":1,"featured_media":0,"parent":0,"menu_order":0,"comment_status":"closed","ping_status":"closed","template":"","meta":{"ocean_post_layout":"","ocean_both_sidebars_style":"","ocean_both_sidebars_content_width":0,"ocean_both_sidebars_sidebars_width":0,"ocean_sidebar":"","ocean_second_sidebar":"","ocean_disable_margins":"enable","ocean_add_body_class":"","ocean_shortcode_before_top_bar":"","ocean_shortcode_after_top_bar":"","ocean_shortcode_before_header":"","ocean_shortcode_after_header":"","ocean_has_shortcode":"","ocean_shortcode_after_title":"","ocean_shortcode_before_footer_widgets":"","ocean_shortcode_after_footer_widgets":"","ocean_shortcode_before_footer_bottom":"","ocean_shortcode_after_footer_bottom":"","ocean_display_top_bar":"default","ocean_display_header":"default","ocean_header_style":"","ocean_center_header_left_menu":"","ocean_custom_header_template":"","ocean_custom_logo":0,"ocean_custom_retina_logo":0,"ocean_custom_logo_max_width":0,"ocean_custom_logo_tablet_max_width":0,"ocean_custom_logo_mobile_max_width":0,"ocean_custom_logo_max_height":0,"ocean_custom_logo_tablet_max_height":0,"ocean_custom_logo_mobile_max_height":0,"ocean_header_custom_menu":"","ocean_menu_typo_font_family":"","ocean_menu_typo_font_subset":"","ocean_menu_typo_font_size":0,"ocean_menu_typo_font_size_tablet":0,"ocean_menu_typo_font_size_mobile":0,"ocean_menu_typo_font_size_unit":"px","ocean_menu_typo_font_weight":"","ocean_menu_typo_font_weight_tablet":"","ocean_menu_typo_font_weight_mobile":"","ocean_menu_typo_transform":"","ocean_menu_typo_transform_tablet":"","ocean_menu_typo_transform_mobile":"","ocean_menu_typo_line_height":0,"ocean_menu_typo_line_height_tablet":0,"ocean_menu_typo_line_height_mobile":0,"ocean_menu_typo_line_height_unit":"","ocean_menu_typo_spacing":0,"ocean_menu_typo_spacing_tablet":0,"ocean_menu_typo_spacing_mobile":0,"ocean_menu_typo_spacing_unit":"","ocean_menu_link_color":"","ocean_menu_link_color_hover":"","ocean_menu_link_color_active":"","ocean_menu_link_background":"","ocean_menu_link_hover_background":"","ocean_menu_link_active_background":"","ocean_menu_social_links_bg":"","ocean_menu_social_hover_links_bg":"","ocean_menu_social_links_color":"","ocean_menu_social_hover_links_color":"","ocean_disable_title":"default","ocean_disable_heading":"default","ocean_post_title":"","ocean_post_subheading":"","ocean_post_title_style":"","ocean_post_title_background_color":"","ocean_post_title_background":0,"ocean_post_title_bg_image_position":"","ocean_post_title_bg_image_attachment":"","ocean_post_title_bg_image_repeat":"","ocean_post_title_bg_image_size":"","ocean_post_title_height":0,"ocean_post_title_bg_overlay":0.5,"ocean_post_title_bg_overlay_color":"","ocean_disable_breadcrumbs":"default","ocean_breadcrumbs_color":"","ocean_breadcrumbs_separator_color":"","ocean_breadcrumbs_links_color":"","ocean_breadcrumbs_links_hover_color":"","ocean_display_footer_widgets":"default","ocean_display_footer_bottom":"default","ocean_custom_footer_template":"","footnotes":""},"class_list":["post-7405","page","type-page","status-publish","hentry","entry"],"_links":{"self":[{"href":"https:\/\/helah.de\/index.php?rest_route=\/wp\/v2\/pages\/7405","targetHints":{"allow":["GET"]}}],"collection":[{"href":"https:\/\/helah.de\/index.php?rest_route=\/wp\/v2\/pages"}],"about":[{"href":"https:\/\/helah.de\/index.php?rest_route=\/wp\/v2\/types\/page"}],"author":[{"embeddable":true,"href":"https:\/\/helah.de\/index.php?rest_route=\/wp\/v2\/users\/1"}],"replies":[{"embeddable":true,"href":"https:\/\/helah.de\/index.php?rest_route=%2Fwp%2Fv2%2Fcomments&post=7405"}],"version-history":[{"count":13,"href":"https:\/\/helah.de\/index.php?rest_route=\/wp\/v2\/pages\/7405\/revisions"}],"predecessor-version":[{"id":7443,"href":"https:\/\/helah.de\/index.php?rest_route=\/wp\/v2\/pages\/7405\/revisions\/7443"}],"wp:attachment":[{"href":"https:\/\/helah.de\/index.php?rest_route=%2Fwp%2Fv2%2Fmedia&parent=7405"}],"curies":[{"name":"wp","href":"https:\/\/api.w.org\/{rel}","templated":true}]}}