{"id":7396,"date":"2025-04-25T21:03:05","date_gmt":"2025-04-25T19:03:05","guid":{"rendered":"https:\/\/helah.de\/?page_id=7396"},"modified":"2025-04-25T22:26:47","modified_gmt":"2025-04-25T20:26:47","slug":"titel","status":"publish","type":"page","link":"https:\/\/helah.de\/?page_id=7396","title":{"rendered":"Politique de confidentialit\u00e9"},"content":{"rendered":"\t\t<div data-elementor-type=\"wp-page\" data-elementor-id=\"7396\" class=\"elementor elementor-7396\">\n\t\t\t\t<div class=\"elementor-element elementor-element-9ed3f5e e-flex e-con-boxed e-con e-parent\" data-id=\"9ed3f5e\" data-element_type=\"container\">\n\t\t\t\t\t<div class=\"e-con-inner\">\n\t\t\t\t<div class=\"elementor-element elementor-element-2fa1ae7 elementor-widget elementor-widget-heading\" data-id=\"2fa1ae7\" data-element_type=\"widget\" data-widget_type=\"heading.default\">\n\t\t\t\t<div class=\"elementor-widget-container\">\n\t\t\t\t\t<h2 class=\"elementor-heading-title elementor-size-default\">D\u00e9claration de confidentialit\u00e9 (Politique de confidentialit\u00e9)<\/span><\/h2>\t\t\t\t<\/div>\n\t\t\t\t<\/div>\n\t\t\t\t<div class=\"elementor-element elementor-element-b7067a6 elementor-widget elementor-widget-text-editor\" data-id=\"b7067a6\" data-element_type=\"widget\" data-widget_type=\"text-editor.default\">\n\t\t\t\t<div class=\"elementor-widget-container\">\n\t\t\t\t\t\t\t\t\t<p><b>1. Informations g\u00e9n\u00e9rales<\/b><\/p>\n<p>La protection de vos donn\u00e9es personnelles nous tient particuli\u00e8rement \u00e0 c\u0153ur. Nous traitons vos donn\u00e9es exclusivement sur la base des dispositions l\u00e9gales applicables (RGPD, TMG). <br>Dans cette d\u00e9claration de confidentialit\u00e9, nous vous informons des aspects essentiels du traitement des donn\u00e9es sur notre site internet.<\/p>\n<p><strong>2. Responsable du traitement<\/strong><\/p>\n<p>Le responsable du traitement des donn\u00e9es sur ce site est :<\/p>\n<p>helah (bient\u00f4t disponible)<br>Adresse : \u00e0 venir<br>T\u00e9l\u00e9phone : \u00e0 venir<br>E-mail : \u00e0 venir<\/p>\n<p><strong>3. Collecte et enregistrement des donn\u00e9es personnelles<\/strong><\/p>\n<p>Lors de la visite de notre site web, les donn\u00e9es suivantes sont automatiquement collect\u00e9es :<\/p>\n<p>&#8211; Adresse IP <br>&#8211; Date et heure de la requ\u00eate <br>&#8211; Type de navigateur et version <br>&#8211; Syst\u00e8me d\u2019exploitation utilis\u00e9 <br>&#8211; URL de provenance (\u00e0 venir)<\/p>\n<p>Ces donn\u00e9es sont analys\u00e9es afin d&#8217;assurer le bon fonctionnement du site et d&#8217;am\u00e9liorer notre offre. <br>Aucune mise en relation avec d&#8217;autres sources de donn\u00e9es n\u2019a lieu.<\/p>\n<p><strong>4. Prise de contact<\/strong><\/p>\n<p>Si vous nous contactez via le formulaire de contact sur le site ou par e-mail, les donn\u00e9es que vous fournissez seront enregistr\u00e9es chez nous dans le but de traiter votre demande et en cas de questions compl\u00e9mentaires.<\/p>\n<p><strong>5. Utilisation de cookies<\/strong><\/p>\n<p>Notre site internet utilise des \u00ab cookies \u00bb. Ce sont de petits fichiers texte enregistr\u00e9s sur votre terminal via votre navigateur. Les cookies ne causent aucun dommage. <br>Ils servent \u00e0 rendre notre offre plus conviviale.<\/p>\n<p>Vous pouvez configurer votre navigateur pour \u00eatre inform\u00e9 de l&#8217;installation de cookies et n&#8217;en autoriser l\u2019utilisation que dans certains cas.<\/p>\n<p><strong>6. Int\u00e9gration de services et contenus de tiers<\/strong><\/p>\n<p>Il se peut que des contenus de tiers, tels que des ic\u00f4nes de r\u00e9seaux sociaux (LinkedIn, Xing, etc.), soient int\u00e9gr\u00e9s \u00e0 notre site. <br>Cela implique la transmission de votre adresse IP au fournisseur tiers.<\/p>\n<p><strong> 7. Vos droits<\/strong><\/p>\n<p>Vous disposez \u00e0 tout moment des droits suivants :<\/p>\n<p>&#8211; Droit d\u2019acc\u00e8s \u00e0 vos donn\u00e9es enregistr\u00e9es <br>&#8211; Droit de rectification de donn\u00e9es inexactes <br>&#8211; Droit \u00e0 l\u2019effacement ou \u00e0 la limitation du traitement <br>&#8211; Droit d\u2019opposition au traitement <br>&#8211; Droit \u00e0 la portabilit\u00e9 des donn\u00e9es<\/p>\n<p>Pour exercer ces droits, veuillez nous contacter \u00e0 : e-mail \u00e0 venir<\/p>\n<p><strong> 8. Droit de recours<\/strong><\/p>\n<p>Si vous estimez que le traitement de vos donn\u00e9es enfreint les dispositions relatives \u00e0 la protection des donn\u00e9es, vous pouvez introduire une r\u00e9clamation aupr\u00e8s de l&#8217;autorit\u00e9 de contr\u00f4le comp\u00e9tente.<\/p>\n<p><span style=\"font-size: 14px; text-align: var(--text-align);\">En France, vous pouvez introduire une r\u00e9clamation aupr\u00e8s de la <\/span><span style=\"font-size: 14px; text-align: var(--text-align);\" data-start=\"143\" data-end=\"208\">Commission Nationale de l\u2019Informatique et des Libert\u00e9s (CNIL)<\/span><span style=\"font-size: 14px; text-align: var(--text-align);\">, l\u2019autorit\u00e9 de contr\u00f4le comp\u00e9tente en mati\u00e8re de protection des donn\u00e9es (www.cnil.fr).&nbsp;<\/span><\/p>\n<p><strong style=\"font-size: 14px; text-align: var(--text-align);\">9. Modification de la politique de confidentialit\u00e9<\/strong><\/p>\n<p>Nous nous r\u00e9servons le droit de modifier cette d\u00e9claration de confidentialit\u00e9 si n\u00e9cessaire. <br>La version en vigueur est celle publi\u00e9e sur notre site internet.<\/p>\t\t\t\t\t\t\t\t<\/div>\n\t\t\t\t<\/div>\n\t\t\t\t\t<\/div>\n\t\t\t\t<\/div>\n\t\t\t\t<\/div>\n\t\t","protected":false},"excerpt":{"rendered":"<p>D\u00e9claration de confidentialit\u00e9 (Politique de confidentialit\u00e9) 1. Informations g\u00e9n\u00e9rales La protection de vos donn\u00e9es personnelles nous tient particuli\u00e8rement \u00e0 c\u0153ur. Nous traitons vos donn\u00e9es exclusivement sur la base des dispositions l\u00e9gales applicables (RGPD, TMG). Dans cette d\u00e9claration de confidentialit\u00e9, nous vous informons des aspects essentiels du traitement des donn\u00e9es sur notre site internet. 2. Responsable [&hellip;]<\/p>\n","protected":false},"author":1,"featured_media":0,"parent":0,"menu_order":0,"comment_status":"closed","ping_status":"closed","template":"","meta":{"ocean_post_layout":"","ocean_both_sidebars_style":"","ocean_both_sidebars_content_width":0,"ocean_both_sidebars_sidebars_width":0,"ocean_sidebar":"","ocean_second_sidebar":"","ocean_disable_margins":"enable","ocean_add_body_class":"","ocean_shortcode_before_top_bar":"","ocean_shortcode_after_top_bar":"","ocean_shortcode_before_header":"","ocean_shortcode_after_header":"","ocean_has_shortcode":"","ocean_shortcode_after_title":"","ocean_shortcode_before_footer_widgets":"","ocean_shortcode_after_footer_widgets":"","ocean_shortcode_before_footer_bottom":"","ocean_shortcode_after_footer_bottom":"","ocean_display_top_bar":"default","ocean_display_header":"default","ocean_header_style":"","ocean_center_header_left_menu":"","ocean_custom_header_template":"","ocean_custom_logo":0,"ocean_custom_retina_logo":0,"ocean_custom_logo_max_width":0,"ocean_custom_logo_tablet_max_width":0,"ocean_custom_logo_mobile_max_width":0,"ocean_custom_logo_max_height":0,"ocean_custom_logo_tablet_max_height":0,"ocean_custom_logo_mobile_max_height":0,"ocean_header_custom_menu":"","ocean_menu_typo_font_family":"","ocean_menu_typo_font_subset":"","ocean_menu_typo_font_size":0,"ocean_menu_typo_font_size_tablet":0,"ocean_menu_typo_font_size_mobile":0,"ocean_menu_typo_font_size_unit":"px","ocean_menu_typo_font_weight":"","ocean_menu_typo_font_weight_tablet":"","ocean_menu_typo_font_weight_mobile":"","ocean_menu_typo_transform":"","ocean_menu_typo_transform_tablet":"","ocean_menu_typo_transform_mobile":"","ocean_menu_typo_line_height":0,"ocean_menu_typo_line_height_tablet":0,"ocean_menu_typo_line_height_mobile":0,"ocean_menu_typo_line_height_unit":"","ocean_menu_typo_spacing":0,"ocean_menu_typo_spacing_tablet":0,"ocean_menu_typo_spacing_mobile":0,"ocean_menu_typo_spacing_unit":"","ocean_menu_link_color":"","ocean_menu_link_color_hover":"","ocean_menu_link_color_active":"","ocean_menu_link_background":"","ocean_menu_link_hover_background":"","ocean_menu_link_active_background":"","ocean_menu_social_links_bg":"","ocean_menu_social_hover_links_bg":"","ocean_menu_social_links_color":"","ocean_menu_social_hover_links_color":"","ocean_disable_title":"default","ocean_disable_heading":"default","ocean_post_title":"","ocean_post_subheading":"","ocean_post_title_style":"","ocean_post_title_background_color":"","ocean_post_title_background":0,"ocean_post_title_bg_image_position":"","ocean_post_title_bg_image_attachment":"","ocean_post_title_bg_image_repeat":"","ocean_post_title_bg_image_size":"","ocean_post_title_height":0,"ocean_post_title_bg_overlay":0.5,"ocean_post_title_bg_overlay_color":"","ocean_disable_breadcrumbs":"default","ocean_breadcrumbs_color":"","ocean_breadcrumbs_separator_color":"","ocean_breadcrumbs_links_color":"","ocean_breadcrumbs_links_hover_color":"","ocean_display_footer_widgets":"default","ocean_display_footer_bottom":"default","ocean_custom_footer_template":"","footnotes":""},"class_list":["post-7396","page","type-page","status-publish","hentry","entry"],"_links":{"self":[{"href":"https:\/\/helah.de\/index.php?rest_route=\/wp\/v2\/pages\/7396","targetHints":{"allow":["GET"]}}],"collection":[{"href":"https:\/\/helah.de\/index.php?rest_route=\/wp\/v2\/pages"}],"about":[{"href":"https:\/\/helah.de\/index.php?rest_route=\/wp\/v2\/types\/page"}],"author":[{"embeddable":true,"href":"https:\/\/helah.de\/index.php?rest_route=\/wp\/v2\/users\/1"}],"replies":[{"embeddable":true,"href":"https:\/\/helah.de\/index.php?rest_route=%2Fwp%2Fv2%2Fcomments&post=7396"}],"version-history":[{"count":17,"href":"https:\/\/helah.de\/index.php?rest_route=\/wp\/v2\/pages\/7396\/revisions"}],"predecessor-version":[{"id":7440,"href":"https:\/\/helah.de\/index.php?rest_route=\/wp\/v2\/pages\/7396\/revisions\/7440"}],"wp:attachment":[{"href":"https:\/\/helah.de\/index.php?rest_route=%2Fwp%2Fv2%2Fmedia&parent=7396"}],"curies":[{"name":"wp","href":"https:\/\/api.w.org\/{rel}","templated":true}]}}